{"id":7235,"date":"2020-02-25T12:18:09","date_gmt":"2020-02-25T11:18:09","guid":{"rendered":"https:\/\/www.healthwellnesscroatia.com\/?page_id=7235"},"modified":"2024-05-22T09:30:53","modified_gmt":"2024-05-22T07:30:53","slug":"politika-privatnosti","status":"publish","type":"page","link":"https:\/\/www.healthwellnesscroatia.com\/hr\/politika-privatnosti\/","title":{"rendered":"Politika privatnosti"},"content":{"rendered":"<h3>POLITIKA PRIVATNOSTI<\/h3>\n<p>Tvrtka Mulier d.o.o. obvezuje se na poslovanje u skladu sa svim zakonima, uklju\u010duju\u0107i EU GDPR uredbu &#8211; Op\u0107u uredbu o za\u0161titi osobnih podataka (UREDBA (EU) 2016\/679 EUROPSKOG PARLAMENTA I VIJE\u0106A od 27. travnja 2016.).<\/p>\n<p>Predani smo za\u0161titi i po\u0161tivanju va\u0161e privatnosti. Preporu\u010dujemo da pa\u017eljivo pregledate ova pravila kako biste razumjeli kako \u0107emo postupati s va\u0161im osobnim podacima.<\/p>\n<p>Osobni podaci koje prikupljamo<\/p>\n<p>Va\u0161e osobne podatke mo\u017eemo prikupljati u razne svrhe kao \u0161to je obrada va\u0161eg upita, komunikacija s vama, slanje newslettera na koji ste se prijavili.<\/p>\n<p>Osim toga, prikupljamo osobne podatke koji se odnose na va\u0161e kori\u0161tenje na\u0161e stranice. Takve podatke mo\u017eemo prikupljati pomo\u0107u kola\u010di\u0107a i sli\u010dnih tehnologija.<\/p>\n<p>Mulier prikuplja i obra\u0111uje va\u0161e osobne podatke potrebne za u\u010dinkovit rad, kori\u0161tenje na\u0161ih usluga\/proizvoda i kako bismo vam pru\u017eili ugodno korisni\u010dko iskustvo. Dio ovih podataka dajete izravno nama, kao \u0161to su podaci za korespondenciju putem telefona, e-maila ili na drugi na\u010din, ispunjavanjem kontakt obrazaca za slanje upita, ispunjavanjem obrasca za prijavu na newsletter. Osobni podaci koje nam dajete mogu uklju\u010divati \u200b\u200bstavke poput va\u0161eg imena, adrese, e-mail adrese, telefonskog broja\u2026 Prilikom prikupljanja podataka po\u0161tujemo va\u0161e pravo na \u201esmanjenje koli\u010dine podataka\u201c, tj. prikupljamo samo osobne podatke koji su nu\u017eni u odnosu na svrhu za koju ih prikupljamo.<\/p>\n<p>U pogledu obrade odre\u0111enih specifi\u010dnih osobnih podataka koji nam poma\u017eu pobolj\u0161ati na\u0161e proizvode i pru\u017eanje na\u0161ih usluga, oslanjamo se na &#8220;legitimne interese&#8221; kao zakonsku osnovu za takvu obradu. To uklju\u010duje automatsko prikupljanje i kori\u0161tenje osobnih podataka kao \u0161to su tehni\u010dki podaci (ure\u0111aj koji koristite, operativni sustav, vrsta preglednika, informacije o va\u0161oj sesiji).<\/p>\n<p>Kako koristimo osobne podatke<\/p>\n<p>Mo\u017eemo koristiti va\u0161e osobne:<\/p>\n<p>Za rad i izvr\u0161enje ugovora sklopljenog izme\u0111u vas i nas;<br \/>\nZa potrebe lije\u010denja;<br \/>\nZa ispunjavanje va\u0161ih zahtjeva;<br \/>\nZa pru\u017eanje informacija o proizvodima i uslugama koje tra\u017eite od nas;<br \/>\nDa vas kontaktiramo, na primjer, da vam po\u0161aljemo informacije o proizvodu \/ usluzi;<br \/>\nKako bismo osigurali da je va\u0161 sadr\u017eaj prikazan na naju\u010dinkovitiji na\u010din;<\/p>\n<p>\u010cuvanje osobnih podataka<\/p>\n<p>Osobne podatke ne \u010duvamo dulje nego \u0161to je potrebno. Koliko je potrebno ovisit \u0107e o okolnostima svakog slu\u010daja, uzimaju\u0107i u obzir svrhu prikupljanja osobnih podataka.<\/p>\n<p>Zadr\u017eat \u0107emo va\u0161e osobne podatke prema potrebi kako bismo vam omogu\u0107ili pristup na\u0161im proizvodima i uslugama. Ukoliko \u017eelite da zatra\u017eite da vi\u0161e ne koristimo va\u0161e osobne podatke, kontaktirajte nas na tailor.bura@mulier.hr.<\/p>\n<p>Sigurnost osobnih podataka<\/p>\n<p>Sigurnost va\u0161ih osobnih podataka vrlo nam je va\u017ena. Pridr\u017eavamo se Pravilnika o za\u0161titi osobnih podataka koji je u skladu sa zakonskim propisima o za\u0161titi osobnih podataka. Koristimo rigorozne postupke i napredne sigurnosne zna\u010dajke kako bismo sprije\u010dili neovla\u0161teni pristup i kra\u0111u. Budu\u0107i da nijedan na\u010din prijenosa putem interneta nije 100% siguran, ne mo\u017eemo jam\u010diti apsolutnu sigurnost.<\/p>\n<p>Na\u0161e web stranice mogu sadr\u017eavati poveznice na web stranice tre\u0107ih strana. Ako slijedite poveznicu na bilo koju od ovih stranica, imajte na umu da te stranice imaju vlastita pravila o privatnosti i da ne prihva\u0107amo nikakvu odgovornost za ta pravila. Poti\u010demo vas da pa\u017eljivo pro\u010ditate pravila o privatnosti svake stranice koju posjetite.<\/p>\n<p>Koja su va\u0161a prava<\/p>\n<p>Va\u0161a prava u vezi s postupanjem s va\u0161im osobnim podacima su:<br \/>\nPravo na pristup osobnim podacima koje imamo o vama<br \/>\nPravo na ispravak neto\u010dnih osobnih podataka koji se odnose na Vas<br \/>\nPravo na brisanje (&#8220;pravo na zaborav&#8221;)<br \/>\nPravo na prigovor na kori\u0161tenje va\u0161ih osobnih podataka u svrhe izravnog marketinga<br \/>\nPravo na ograni\u010davanje obrade va\u0161ih osobnih podataka, uklju\u010duju\u0107i automatizirano dono\u0161enje odluka i profiliranje<br \/>\nPravo na prigovor na obradu osobnih podataka<br \/>\nPravo na prenosivost osobnih podataka<\/p>\n<p>Bilo koje od ovih prava mo\u017eete ostvariti tako da nas kontaktirate na tailor.bura@mulier.hr. Po primitku e-maila, poslat \u0107emo vam obrazac za zahtjev koji trebate ispuniti kako bismo zapo\u010deli rje\u0161avanje va\u0161eg zahtjeva. Na svaki zahtjev bit \u0107e odgovoreno u roku od 30 dana od primitka va\u0161eg pismenog zahtjeva.<\/p>\n<p>Promjene pravila o privatnosti<\/p>\n<p>Sve promjene ovih pravila o privatnosti bit \u0107e objavljene na na\u0161oj web stranici.<\/p>\n<p>Tehnologija<\/p>\n<p>Kad god pristupite web stranici, automatski se bilje\u017ee podaci kao \u0161to su va\u0161 preglednik, broj posjeta, prosje\u010dno vrijeme posjeta web stranici. Ove podatke koristimo za mjerenje atraktivnosti na\u0161e stranice i pobolj\u0161anje sadr\u017eaja. Va\u0161i podaci ne podlije\u017eu daljnjoj obradi i ne proslje\u0111uju se tre\u0107im stranama.<\/p>\n","protected":false},"excerpt":{"rendered":"<p>POLITIKA PRIVATNOSTI Tvrtka Mulier d.o.o. obvezuje se na poslovanje u skladu sa svim zakonima, uklju\u010duju\u0107i EU GDPR uredbu &#8211; Op\u0107u uredbu o za\u0161titi osobnih podataka (UREDBA (EU) 2016\/679 EUROPSKOG PARLAMENTA &#8230;<\/p>\n","protected":false},"author":5,"featured_media":0,"parent":0,"menu_order":50,"comment_status":"closed","ping_status":"closed","template":"","meta":{"ngg_post_thumbnail":0,"footnotes":""},"class_list":["post-7235","page","type-page","status-publish","hentry"],"yoast_head":"<!-- This site is optimized with the Yoast SEO plugin v26.5 - https:\/\/yoast.com\/wordpress\/plugins\/seo\/ -->\n<title>Politika privatnosti - HealthWellnessCroatia<\/title>\n<meta name=\"robots\" content=\"index, follow, max-snippet:-1, max-image-preview:large, max-video-preview:-1\" \/>\n<link rel=\"canonical\" href=\"https:\/\/www.healthwellnesscroatia.com\/hr\/politika-privatnosti\/\" \/>\n<meta property=\"og:locale\" content=\"hr_HR\" \/>\n<meta property=\"og:type\" content=\"article\" \/>\n<meta property=\"og:title\" content=\"Politika privatnosti - HealthWellnessCroatia\" \/>\n<meta property=\"og:description\" content=\"POLITIKA PRIVATNOSTI Tvrtka Mulier d.o.o. obvezuje se na poslovanje u skladu sa svim zakonima, uklju\u010duju\u0107i EU GDPR uredbu &#8211; Op\u0107u uredbu o za\u0161titi osobnih podataka (UREDBA (EU) 2016\/679 EUROPSKOG PARLAMENTA ...\" \/>\n<meta property=\"og:url\" content=\"https:\/\/www.healthwellnesscroatia.com\/hr\/politika-privatnosti\/\" \/>\n<meta property=\"og:site_name\" content=\"HealthWellnessCroatia\" \/>\n<meta property=\"article:modified_time\" content=\"2024-05-22T07:30:53+00:00\" \/>\n<meta name=\"twitter:card\" content=\"summary_large_image\" \/>\n<meta name=\"twitter:label1\" content=\"Procijenjeno vrijeme \u010ditanja\" \/>\n\t<meta name=\"twitter:data1\" content=\"3 minute\" \/>\n<script type=\"application\/ld+json\" class=\"yoast-schema-graph\">{\"@context\":\"https:\/\/schema.org\",\"@graph\":[{\"@type\":\"WebPage\",\"@id\":\"https:\/\/www.healthwellnesscroatia.com\/hr\/politika-privatnosti\/\",\"url\":\"https:\/\/www.healthwellnesscroatia.com\/hr\/politika-privatnosti\/\",\"name\":\"Politika privatnosti - HealthWellnessCroatia\",\"isPartOf\":{\"@id\":\"https:\/\/www.healthwellnesscroatia.com\/#website\"},\"datePublished\":\"2020-02-25T11:18:09+00:00\",\"dateModified\":\"2024-05-22T07:30:53+00:00\",\"breadcrumb\":{\"@id\":\"https:\/\/www.healthwellnesscroatia.com\/hr\/politika-privatnosti\/#breadcrumb\"},\"inLanguage\":\"hr\",\"potentialAction\":[{\"@type\":\"ReadAction\",\"target\":[\"https:\/\/www.healthwellnesscroatia.com\/hr\/politika-privatnosti\/\"]}]},{\"@type\":\"BreadcrumbList\",\"@id\":\"https:\/\/www.healthwellnesscroatia.com\/hr\/politika-privatnosti\/#breadcrumb\",\"itemListElement\":[{\"@type\":\"ListItem\",\"position\":1,\"name\":\"Home\",\"item\":\"https:\/\/www.healthwellnesscroatia.com\/hr\/\"},{\"@type\":\"ListItem\",\"position\":2,\"name\":\"Politika privatnosti\"}]},{\"@type\":\"WebSite\",\"@id\":\"https:\/\/www.healthwellnesscroatia.com\/#website\",\"url\":\"https:\/\/www.healthwellnesscroatia.com\/\",\"name\":\"HealthWellnessCroatia\",\"description\":\"Health and wellness in Croatia\",\"publisher\":{\"@id\":\"https:\/\/www.healthwellnesscroatia.com\/#organization\"},\"potentialAction\":[{\"@type\":\"SearchAction\",\"target\":{\"@type\":\"EntryPoint\",\"urlTemplate\":\"https:\/\/www.healthwellnesscroatia.com\/?s={search_term_string}\"},\"query-input\":{\"@type\":\"PropertyValueSpecification\",\"valueRequired\":true,\"valueName\":\"search_term_string\"}}],\"inLanguage\":\"hr\"},{\"@type\":\"Organization\",\"@id\":\"https:\/\/www.healthwellnesscroatia.com\/#organization\",\"name\":\"Holistic centre Mulier\",\"url\":\"https:\/\/www.healthwellnesscroatia.com\/\",\"logo\":{\"@type\":\"ImageObject\",\"inLanguage\":\"hr\",\"@id\":\"https:\/\/www.healthwellnesscroatia.com\/#\/schema\/logo\/image\/\",\"url\":\"https:\/\/www.healthwellnesscroatia.com\/wp-content\/uploads\/2018\/10\/logo4.png\",\"contentUrl\":\"https:\/\/www.healthwellnesscroatia.com\/wp-content\/uploads\/2018\/10\/logo4.png\",\"width\":230,\"height\":60,\"caption\":\"Holistic centre Mulier\"},\"image\":{\"@id\":\"https:\/\/www.healthwellnesscroatia.com\/#\/schema\/logo\/image\/\"}}]}<\/script>\n<!-- \/ Yoast SEO plugin. -->","yoast_head_json":{"title":"Politika privatnosti - HealthWellnessCroatia","robots":{"index":"index","follow":"follow","max-snippet":"max-snippet:-1","max-image-preview":"max-image-preview:large","max-video-preview":"max-video-preview:-1"},"canonical":"https:\/\/www.healthwellnesscroatia.com\/hr\/politika-privatnosti\/","og_locale":"hr_HR","og_type":"article","og_title":"Politika privatnosti - HealthWellnessCroatia","og_description":"POLITIKA PRIVATNOSTI Tvrtka Mulier d.o.o. obvezuje se na poslovanje u skladu sa svim zakonima, uklju\u010duju\u0107i EU GDPR uredbu &#8211; Op\u0107u uredbu o za\u0161titi osobnih podataka (UREDBA (EU) 2016\/679 EUROPSKOG PARLAMENTA ...","og_url":"https:\/\/www.healthwellnesscroatia.com\/hr\/politika-privatnosti\/","og_site_name":"HealthWellnessCroatia","article_modified_time":"2024-05-22T07:30:53+00:00","twitter_card":"summary_large_image","twitter_misc":{"Procijenjeno vrijeme \u010ditanja":"3 minute"},"schema":{"@context":"https:\/\/schema.org","@graph":[{"@type":"WebPage","@id":"https:\/\/www.healthwellnesscroatia.com\/hr\/politika-privatnosti\/","url":"https:\/\/www.healthwellnesscroatia.com\/hr\/politika-privatnosti\/","name":"Politika privatnosti - HealthWellnessCroatia","isPartOf":{"@id":"https:\/\/www.healthwellnesscroatia.com\/#website"},"datePublished":"2020-02-25T11:18:09+00:00","dateModified":"2024-05-22T07:30:53+00:00","breadcrumb":{"@id":"https:\/\/www.healthwellnesscroatia.com\/hr\/politika-privatnosti\/#breadcrumb"},"inLanguage":"hr","potentialAction":[{"@type":"ReadAction","target":["https:\/\/www.healthwellnesscroatia.com\/hr\/politika-privatnosti\/"]}]},{"@type":"BreadcrumbList","@id":"https:\/\/www.healthwellnesscroatia.com\/hr\/politika-privatnosti\/#breadcrumb","itemListElement":[{"@type":"ListItem","position":1,"name":"Home","item":"https:\/\/www.healthwellnesscroatia.com\/hr\/"},{"@type":"ListItem","position":2,"name":"Politika privatnosti"}]},{"@type":"WebSite","@id":"https:\/\/www.healthwellnesscroatia.com\/#website","url":"https:\/\/www.healthwellnesscroatia.com\/","name":"HealthWellnessCroatia","description":"Health and wellness in Croatia","publisher":{"@id":"https:\/\/www.healthwellnesscroatia.com\/#organization"},"potentialAction":[{"@type":"SearchAction","target":{"@type":"EntryPoint","urlTemplate":"https:\/\/www.healthwellnesscroatia.com\/?s={search_term_string}"},"query-input":{"@type":"PropertyValueSpecification","valueRequired":true,"valueName":"search_term_string"}}],"inLanguage":"hr"},{"@type":"Organization","@id":"https:\/\/www.healthwellnesscroatia.com\/#organization","name":"Holistic centre Mulier","url":"https:\/\/www.healthwellnesscroatia.com\/","logo":{"@type":"ImageObject","inLanguage":"hr","@id":"https:\/\/www.healthwellnesscroatia.com\/#\/schema\/logo\/image\/","url":"https:\/\/www.healthwellnesscroatia.com\/wp-content\/uploads\/2018\/10\/logo4.png","contentUrl":"https:\/\/www.healthwellnesscroatia.com\/wp-content\/uploads\/2018\/10\/logo4.png","width":230,"height":60,"caption":"Holistic centre Mulier"},"image":{"@id":"https:\/\/www.healthwellnesscroatia.com\/#\/schema\/logo\/image\/"}}]}},"_links":{"self":[{"href":"https:\/\/www.healthwellnesscroatia.com\/hr\/wp-json\/wp\/v2\/pages\/7235","targetHints":{"allow":["GET"]}}],"collection":[{"href":"https:\/\/www.healthwellnesscroatia.com\/hr\/wp-json\/wp\/v2\/pages"}],"about":[{"href":"https:\/\/www.healthwellnesscroatia.com\/hr\/wp-json\/wp\/v2\/types\/page"}],"author":[{"embeddable":true,"href":"https:\/\/www.healthwellnesscroatia.com\/hr\/wp-json\/wp\/v2\/users\/5"}],"replies":[{"embeddable":true,"href":"https:\/\/www.healthwellnesscroatia.com\/hr\/wp-json\/wp\/v2\/comments?post=7235"}],"version-history":[{"count":1,"href":"https:\/\/www.healthwellnesscroatia.com\/hr\/wp-json\/wp\/v2\/pages\/7235\/revisions"}],"predecessor-version":[{"id":7236,"href":"https:\/\/www.healthwellnesscroatia.com\/hr\/wp-json\/wp\/v2\/pages\/7235\/revisions\/7236"}],"wp:attachment":[{"href":"https:\/\/www.healthwellnesscroatia.com\/hr\/wp-json\/wp\/v2\/media?parent=7235"}],"curies":[{"name":"wp","href":"https:\/\/api.w.org\/{rel}","templated":true}]}}