{"id":7248,"date":"2013-09-05T08:51:44","date_gmt":"2013-09-05T06:51:44","guid":{"rendered":"https:\/\/www.healthwellnesscroatia.com\/?page_id=7248"},"modified":"2024-05-28T16:17:49","modified_gmt":"2024-05-28T14:17:49","slug":"konzultacije-sa-lijecnikom","status":"publish","type":"page","link":"https:\/\/www.healthwellnesscroatia.com\/hr\/mulier-metoda\/konzultacije-sa-lijecnikom\/","title":{"rendered":"Konzultacije s lije\u010dnikom"},"content":{"rendered":"<h6>INTEGRIRANE KONZULTACIJE S LIJE\u010cNICOM ZA SVAKOG SUDIONIKA (ZA OSNOVNI MULIER FX MAYR RE\u017dIM DETOX JETRE I SPECIJALIZIRANE PROGRAME) SU:<\/h6>\n<ul>\n<li>Program pripreme kod ku\u0107e, prije dolaska, koji zapo\u010dinje upitnikom<\/li>\n<li>Inicijalni lije\u010dni\u010dki razgovor o na\u010dinu \u017eivota i dnevnim navikama te pregled (jutarnja temperatura, krvni tlak, umor nadbubre\u017ene \u017elijezde, cirkulacija, disanje, mjere trbuha, jetra, ko\u017ea, jezik, kosa, zglobovi, dr\u017eanje i konstitucija)<\/li>\n<li>Inicijalni medicinski testovi (razina energije, status organa i tkiva, status vitamina i minerala te potencijalne infekcije bakterijama, virusima ili parazitima)<\/li>\n<li>Test intolerancije na hranu<\/li>\n<li>Metaboli\u010dko testiranje (tjelesna masa, opseg struka, masno tkivo, zadr\u017eavanje vode, mi\u0161i\u0107na masa, bazalni metabolizam i oksigenacija krvi)<\/li>\n<li>Mjerenje indeksa masne jetre<\/li>\n<li>Individualni plan terapije<\/li>\n<li>Prakti\u010dni te\u010daj stjecanja znanja: Detox i zdrava prehrana<\/li>\n<li>Zavr\u0161ni lije\u010dni\u010dki pregled i preporuke lije\u010dnika o daljnjoj prehrani i dodacima prehrani<\/li>\n<li>Dar<\/li>\n<\/ul>\n<h6>ZA POLAZNIKE SPECIJALIZIRANIH PROGRAMA (REGULACIJA MR\u0160AVLJENJA, URAVNOTE\u017dENJE RAVNOTE\u017dE \u0160TITNJA\u010cE, BURNOUT I UPRAVLJANJE STRESOM) \u017dELIMO PRONA\u0106I KORIJEN PROBLEMA PA PROVODIMO DODATNU DIJAGNOSTIKU I TERAPIJE:<\/h6>\n<ul>\n<li>PreLab test propusnosti crijeva<\/li>\n<li>PreLab omega3\/omega6 test<\/li>\n<li>Analiza urina<\/li>\n<li>Analiza kiselinskog\/lu\u017enatog statusa<\/li>\n<li>Lipidi, enzimi, elektroliti, \u017eeljezo, proteini i TSH u krvi<\/li>\n<li>Te\u010daj prakti\u010dnog stjecanja znanja ovisno o odabranom programu<\/li>\n<li>1x Test bolova u zglobovima, mi\u0161i\u0107ima, fascijama i ligamentima<\/li>\n<li>1x tretman tijela (prema individualnim potrebama i preporuci lije\u010dnika nudimo: Raindrop tretman, Emmet tretman, Bowen tretman, miofascijalni relaksacijski tretman)<\/li>\n<li>7x Bioptron svjetlosna terapija<\/li>\n<li>1x Mulier dijagnostika mentalnog i emocionalnog stanja<\/li>\n<li>1x Mentalni coaching s preporukama<\/li>\n<li>1x IPD (interpersonalni razvoj) terapija za blokirane emocije u tijelu (vo\u0111eni razgovori i vje\u017ebe za izbacivanje napetosti i negativnih emocija ili osje\u0107aja iz tijela, kao \u0161to su bolovi u prsima, lupanje srca, bolovi u vratu, bolovi u mi\u0161i\u0107ima, bolovi u potkoljenicama, trnci osje\u0107aji u rukama i nogama ili glavobolje)<\/li>\n<li>1x Terapija uravnote\u017eene \u017eivotne energije (vrsta tretmana bioenergijom)<\/li>\n<li>1x Vo\u0111ena meditacija<\/li>\n<li>1x Terapijska joga<\/li>\n<li>1x Tretman cirkulacije glave i stopala (tretiramo refleksne to\u010dke u glavi i stopalima za pobolj\u0161anje cirkulacije u cijelom tijelu)<\/li>\n<li>Provjera vitalnosti (status imuniteta, razina stresa, razina upale)<\/li>\n<\/ul>\n<p>&nbsp;<\/p>\n<h6><strong>AKO \u017dELITE ODMAH PO\u010cETI S JA\u010cANJEM SVOG IMUNITETA,<\/strong><\/h6>\n<p>DOSTUPNE SU ONLINE HOLISTI\u010cKE PREPORUKE O DIJETI, DODACIMA PREHRANI, NA\u010cINU \u017dIVOTA I METODAMA PROTIV STRESA<\/p>\n<p>Pregledi uklju\u010duju sljede\u0107e:<\/p>\n<ul>\n<li>Kontrola tjelesne visine, te\u017eine, opsega i jutarnje temperature<\/li>\n<li>Test intolerancije na hranu<\/li>\n<li>Upitnik o va\u0161oj detaljnoj povijesti bolesti&nbsp;<\/li>\n<\/ul>\n<p>&nbsp;<\/p>\n<h6>OVISNO O POJEDINCU, PREPORUKE UKLJU\u010cUJU:<\/h6>\n<ol>\n<li>Pripremna faza koja uklju\u010duje detoksikaciju.<\/li>\n<li>Preporuke prehrane temeljene na detoksikaciji, pravilnoj nutritivnoj i funkcionalnoj hrani. Bioindividualnost je osnova na kojoj se preporu\u010duju prehrambene navike. Stoga za svakog pojedinca odre\u0111ujemo tip metabolizma. Bilo da se radi o Mulier dijeti, Fx Mayr dijeti, alkalnoj dijeti, mediteranskoj dijeti, LCHF dijeti, protuupalnoj dijeti, antikandida dijeti, antihistaminskoj dijeti, Master Cleans dijeti, Detox dijeti, dijeti sirovom hranom, dijeti zelenim sokovima i drugim dijetama, to ovisi o individualnom tipu metabolizma. Nekome treba visoka razina \u017eivotinjskih bjelan\u010devina, nekome treba vegetarijanska prehrana s puno povr\u0107a i zdravih ulja. Svatko treba pravu hranu u pravo vrijeme i u pravoj koli\u010dini.<\/li>\n<li>Plan ja\u010danja imuniteta<\/li>\n<li>Antiparazitni program i program \u010di\u0161\u0107enja jetre, ako je potrebno<\/li>\n<li>Ortomolekularna terapija i suplementacija<\/li>\n<li>Homeopatija ako je potrebna<\/li>\n<li>Aromaterapija ako je potrebna<\/li>\n<li>Vje\u017ebe i vje\u017ebe disanja u skladu s tjelesnom konstitucijom<\/li>\n<\/ol>\n<p>Ova preporuka je za sve koji \u017eele po\u010deti ja\u010dati imunitet, dobiti energiju i mentalnu bistrinu.<\/p>\n<p>Kod ku\u0107e \u0107e va\u0161 obiteljski lije\u010dnik mo\u0107i procijeniti stanje i napredak va\u0161eg imuniteta, a dr. Meri Bura dostupna je preko Skypea.<\/p>\n<p>&nbsp;<\/p>\n","protected":false},"excerpt":{"rendered":"<p>INTEGRIRANE KONZULTACIJE S LIJE\u010cNICOM ZA SVAKOG SUDIONIKA (ZA OSNOVNI MULIER FX MAYR RE\u017dIM DETOX JETRE I SPECIJALIZIRANE PROGRAME) SU: Program pripreme kod ku\u0107e, prije dolaska, koji zapo\u010dinje upitnikom Inicijalni lije\u010dni\u010dki &#8230;<\/p>\n","protected":false},"author":5,"featured_media":6990,"parent":7243,"menu_order":3,"comment_status":"closed","ping_status":"closed","template":"","meta":{"ngg_post_thumbnail":0,"footnotes":""},"class_list":["post-7248","page","type-page","status-publish","has-post-thumbnail","hentry"],"yoast_head":"<!-- This site is optimized with the Yoast SEO plugin v26.5 - https:\/\/yoast.com\/wordpress\/plugins\/seo\/ -->\n<title>Konzultacije s lije\u010dnikom - HealthWellnessCroatia<\/title>\n<meta name=\"robots\" content=\"index, follow, max-snippet:-1, max-image-preview:large, max-video-preview:-1\" \/>\n<link rel=\"canonical\" href=\"https:\/\/www.healthwellnesscroatia.com\/hr\/mulier-metoda\/konzultacije-sa-lijecnikom\/\" \/>\n<meta property=\"og:locale\" content=\"hr_HR\" \/>\n<meta property=\"og:type\" content=\"article\" \/>\n<meta property=\"og:title\" content=\"Konzultacije s lije\u010dnikom - HealthWellnessCroatia\" \/>\n<meta property=\"og:description\" content=\"INTEGRIRANE KONZULTACIJE S LIJE\u010cNICOM ZA SVAKOG SUDIONIKA (ZA OSNOVNI MULIER FX MAYR RE\u017dIM DETOX JETRE I SPECIJALIZIRANE PROGRAME) SU: Program pripreme kod ku\u0107e, prije dolaska, koji zapo\u010dinje upitnikom Inicijalni lije\u010dni\u010dki ...\" \/>\n<meta property=\"og:url\" content=\"https:\/\/www.healthwellnesscroatia.com\/hr\/mulier-metoda\/konzultacije-sa-lijecnikom\/\" \/>\n<meta property=\"og:site_name\" content=\"HealthWellnessCroatia\" \/>\n<meta property=\"article:modified_time\" content=\"2024-05-28T14:17:49+00:00\" \/>\n<meta property=\"og:image\" content=\"https:\/\/www.healthwellnesscroatia.com\/wp-content\/uploads\/2020\/02\/meri-talk.jpg\" \/>\n\t<meta property=\"og:image:width\" content=\"1620\" \/>\n\t<meta property=\"og:image:height\" content=\"750\" \/>\n\t<meta property=\"og:image:type\" content=\"image\/jpeg\" \/>\n<meta name=\"twitter:card\" content=\"summary_large_image\" \/>\n<meta name=\"twitter:label1\" content=\"Procijenjeno vrijeme \u010ditanja\" \/>\n\t<meta name=\"twitter:data1\" content=\"3 minute\" \/>\n<script type=\"application\/ld+json\" class=\"yoast-schema-graph\">{\"@context\":\"https:\/\/schema.org\",\"@graph\":[{\"@type\":\"WebPage\",\"@id\":\"https:\/\/www.healthwellnesscroatia.com\/hr\/mulier-metoda\/konzultacije-sa-lijecnikom\/\",\"url\":\"https:\/\/www.healthwellnesscroatia.com\/hr\/mulier-metoda\/konzultacije-sa-lijecnikom\/\",\"name\":\"Konzultacije s lije\u010dnikom - HealthWellnessCroatia\",\"isPartOf\":{\"@id\":\"https:\/\/www.healthwellnesscroatia.com\/#website\"},\"primaryImageOfPage\":{\"@id\":\"https:\/\/www.healthwellnesscroatia.com\/hr\/mulier-metoda\/konzultacije-sa-lijecnikom\/#primaryimage\"},\"image\":{\"@id\":\"https:\/\/www.healthwellnesscroatia.com\/hr\/mulier-metoda\/konzultacije-sa-lijecnikom\/#primaryimage\"},\"thumbnailUrl\":\"https:\/\/www.healthwellnesscroatia.com\/wp-content\/uploads\/2020\/02\/meri-talk.jpg\",\"datePublished\":\"2013-09-05T06:51:44+00:00\",\"dateModified\":\"2024-05-28T14:17:49+00:00\",\"breadcrumb\":{\"@id\":\"https:\/\/www.healthwellnesscroatia.com\/hr\/mulier-metoda\/konzultacije-sa-lijecnikom\/#breadcrumb\"},\"inLanguage\":\"hr\",\"potentialAction\":[{\"@type\":\"ReadAction\",\"target\":[\"https:\/\/www.healthwellnesscroatia.com\/hr\/mulier-metoda\/konzultacije-sa-lijecnikom\/\"]}]},{\"@type\":\"ImageObject\",\"inLanguage\":\"hr\",\"@id\":\"https:\/\/www.healthwellnesscroatia.com\/hr\/mulier-metoda\/konzultacije-sa-lijecnikom\/#primaryimage\",\"url\":\"https:\/\/www.healthwellnesscroatia.com\/wp-content\/uploads\/2020\/02\/meri-talk.jpg\",\"contentUrl\":\"https:\/\/www.healthwellnesscroatia.com\/wp-content\/uploads\/2020\/02\/meri-talk.jpg\",\"width\":1620,\"height\":750},{\"@type\":\"BreadcrumbList\",\"@id\":\"https:\/\/www.healthwellnesscroatia.com\/hr\/mulier-metoda\/konzultacije-sa-lijecnikom\/#breadcrumb\",\"itemListElement\":[{\"@type\":\"ListItem\",\"position\":1,\"name\":\"Home\",\"item\":\"https:\/\/www.healthwellnesscroatia.com\/hr\/\"},{\"@type\":\"ListItem\",\"position\":2,\"name\":\"Mulier metoda\",\"item\":\"https:\/\/www.healthwellnesscroatia.com\/hr\/mulier-metoda\/\"},{\"@type\":\"ListItem\",\"position\":3,\"name\":\"Konzultacije s lije\u010dnikom\"}]},{\"@type\":\"WebSite\",\"@id\":\"https:\/\/www.healthwellnesscroatia.com\/#website\",\"url\":\"https:\/\/www.healthwellnesscroatia.com\/\",\"name\":\"HealthWellnessCroatia\",\"description\":\"Health and wellness in Croatia\",\"publisher\":{\"@id\":\"https:\/\/www.healthwellnesscroatia.com\/#organization\"},\"potentialAction\":[{\"@type\":\"SearchAction\",\"target\":{\"@type\":\"EntryPoint\",\"urlTemplate\":\"https:\/\/www.healthwellnesscroatia.com\/?s={search_term_string}\"},\"query-input\":{\"@type\":\"PropertyValueSpecification\",\"valueRequired\":true,\"valueName\":\"search_term_string\"}}],\"inLanguage\":\"hr\"},{\"@type\":\"Organization\",\"@id\":\"https:\/\/www.healthwellnesscroatia.com\/#organization\",\"name\":\"Holistic centre Mulier\",\"url\":\"https:\/\/www.healthwellnesscroatia.com\/\",\"logo\":{\"@type\":\"ImageObject\",\"inLanguage\":\"hr\",\"@id\":\"https:\/\/www.healthwellnesscroatia.com\/#\/schema\/logo\/image\/\",\"url\":\"https:\/\/www.healthwellnesscroatia.com\/wp-content\/uploads\/2018\/10\/logo4.png\",\"contentUrl\":\"https:\/\/www.healthwellnesscroatia.com\/wp-content\/uploads\/2018\/10\/logo4.png\",\"width\":230,\"height\":60,\"caption\":\"Holistic centre Mulier\"},\"image\":{\"@id\":\"https:\/\/www.healthwellnesscroatia.com\/#\/schema\/logo\/image\/\"}}]}<\/script>\n<!-- \/ Yoast SEO plugin. -->","yoast_head_json":{"title":"Konzultacije s lije\u010dnikom - HealthWellnessCroatia","robots":{"index":"index","follow":"follow","max-snippet":"max-snippet:-1","max-image-preview":"max-image-preview:large","max-video-preview":"max-video-preview:-1"},"canonical":"https:\/\/www.healthwellnesscroatia.com\/hr\/mulier-metoda\/konzultacije-sa-lijecnikom\/","og_locale":"hr_HR","og_type":"article","og_title":"Konzultacije s lije\u010dnikom - HealthWellnessCroatia","og_description":"INTEGRIRANE KONZULTACIJE S LIJE\u010cNICOM ZA SVAKOG SUDIONIKA (ZA OSNOVNI MULIER FX MAYR RE\u017dIM DETOX JETRE I SPECIJALIZIRANE PROGRAME) SU: Program pripreme kod ku\u0107e, prije dolaska, koji zapo\u010dinje upitnikom Inicijalni lije\u010dni\u010dki ...","og_url":"https:\/\/www.healthwellnesscroatia.com\/hr\/mulier-metoda\/konzultacije-sa-lijecnikom\/","og_site_name":"HealthWellnessCroatia","article_modified_time":"2024-05-28T14:17:49+00:00","og_image":[{"width":1620,"height":750,"url":"https:\/\/www.healthwellnesscroatia.com\/wp-content\/uploads\/2020\/02\/meri-talk.jpg","type":"image\/jpeg"}],"twitter_card":"summary_large_image","twitter_misc":{"Procijenjeno vrijeme \u010ditanja":"3 minute"},"schema":{"@context":"https:\/\/schema.org","@graph":[{"@type":"WebPage","@id":"https:\/\/www.healthwellnesscroatia.com\/hr\/mulier-metoda\/konzultacije-sa-lijecnikom\/","url":"https:\/\/www.healthwellnesscroatia.com\/hr\/mulier-metoda\/konzultacije-sa-lijecnikom\/","name":"Konzultacije s lije\u010dnikom - HealthWellnessCroatia","isPartOf":{"@id":"https:\/\/www.healthwellnesscroatia.com\/#website"},"primaryImageOfPage":{"@id":"https:\/\/www.healthwellnesscroatia.com\/hr\/mulier-metoda\/konzultacije-sa-lijecnikom\/#primaryimage"},"image":{"@id":"https:\/\/www.healthwellnesscroatia.com\/hr\/mulier-metoda\/konzultacije-sa-lijecnikom\/#primaryimage"},"thumbnailUrl":"https:\/\/www.healthwellnesscroatia.com\/wp-content\/uploads\/2020\/02\/meri-talk.jpg","datePublished":"2013-09-05T06:51:44+00:00","dateModified":"2024-05-28T14:17:49+00:00","breadcrumb":{"@id":"https:\/\/www.healthwellnesscroatia.com\/hr\/mulier-metoda\/konzultacije-sa-lijecnikom\/#breadcrumb"},"inLanguage":"hr","potentialAction":[{"@type":"ReadAction","target":["https:\/\/www.healthwellnesscroatia.com\/hr\/mulier-metoda\/konzultacije-sa-lijecnikom\/"]}]},{"@type":"ImageObject","inLanguage":"hr","@id":"https:\/\/www.healthwellnesscroatia.com\/hr\/mulier-metoda\/konzultacije-sa-lijecnikom\/#primaryimage","url":"https:\/\/www.healthwellnesscroatia.com\/wp-content\/uploads\/2020\/02\/meri-talk.jpg","contentUrl":"https:\/\/www.healthwellnesscroatia.com\/wp-content\/uploads\/2020\/02\/meri-talk.jpg","width":1620,"height":750},{"@type":"BreadcrumbList","@id":"https:\/\/www.healthwellnesscroatia.com\/hr\/mulier-metoda\/konzultacije-sa-lijecnikom\/#breadcrumb","itemListElement":[{"@type":"ListItem","position":1,"name":"Home","item":"https:\/\/www.healthwellnesscroatia.com\/hr\/"},{"@type":"ListItem","position":2,"name":"Mulier metoda","item":"https:\/\/www.healthwellnesscroatia.com\/hr\/mulier-metoda\/"},{"@type":"ListItem","position":3,"name":"Konzultacije s lije\u010dnikom"}]},{"@type":"WebSite","@id":"https:\/\/www.healthwellnesscroatia.com\/#website","url":"https:\/\/www.healthwellnesscroatia.com\/","name":"HealthWellnessCroatia","description":"Health and wellness in Croatia","publisher":{"@id":"https:\/\/www.healthwellnesscroatia.com\/#organization"},"potentialAction":[{"@type":"SearchAction","target":{"@type":"EntryPoint","urlTemplate":"https:\/\/www.healthwellnesscroatia.com\/?s={search_term_string}"},"query-input":{"@type":"PropertyValueSpecification","valueRequired":true,"valueName":"search_term_string"}}],"inLanguage":"hr"},{"@type":"Organization","@id":"https:\/\/www.healthwellnesscroatia.com\/#organization","name":"Holistic centre Mulier","url":"https:\/\/www.healthwellnesscroatia.com\/","logo":{"@type":"ImageObject","inLanguage":"hr","@id":"https:\/\/www.healthwellnesscroatia.com\/#\/schema\/logo\/image\/","url":"https:\/\/www.healthwellnesscroatia.com\/wp-content\/uploads\/2018\/10\/logo4.png","contentUrl":"https:\/\/www.healthwellnesscroatia.com\/wp-content\/uploads\/2018\/10\/logo4.png","width":230,"height":60,"caption":"Holistic centre Mulier"},"image":{"@id":"https:\/\/www.healthwellnesscroatia.com\/#\/schema\/logo\/image\/"}}]}},"_links":{"self":[{"href":"https:\/\/www.healthwellnesscroatia.com\/hr\/wp-json\/wp\/v2\/pages\/7248","targetHints":{"allow":["GET"]}}],"collection":[{"href":"https:\/\/www.healthwellnesscroatia.com\/hr\/wp-json\/wp\/v2\/pages"}],"about":[{"href":"https:\/\/www.healthwellnesscroatia.com\/hr\/wp-json\/wp\/v2\/types\/page"}],"author":[{"embeddable":true,"href":"https:\/\/www.healthwellnesscroatia.com\/hr\/wp-json\/wp\/v2\/users\/5"}],"replies":[{"embeddable":true,"href":"https:\/\/www.healthwellnesscroatia.com\/hr\/wp-json\/wp\/v2\/comments?post=7248"}],"version-history":[{"count":3,"href":"https:\/\/www.healthwellnesscroatia.com\/hr\/wp-json\/wp\/v2\/pages\/7248\/revisions"}],"predecessor-version":[{"id":7367,"href":"https:\/\/www.healthwellnesscroatia.com\/hr\/wp-json\/wp\/v2\/pages\/7248\/revisions\/7367"}],"up":[{"embeddable":true,"href":"https:\/\/www.healthwellnesscroatia.com\/hr\/wp-json\/wp\/v2\/pages\/7243"}],"wp:featuredmedia":[{"embeddable":true,"href":"https:\/\/www.healthwellnesscroatia.com\/hr\/wp-json\/wp\/v2\/media\/6990"}],"wp:attachment":[{"href":"https:\/\/www.healthwellnesscroatia.com\/hr\/wp-json\/wp\/v2\/media?parent=7248"}],"curies":[{"name":"wp","href":"https:\/\/api.w.org\/{rel}","templated":true}]}}