{"id":7251,"date":"2013-09-05T08:50:57","date_gmt":"2013-09-05T06:50:57","guid":{"rendered":"https:\/\/www.healthwellnesscroatia.com\/?page_id=7251"},"modified":"2024-05-28T16:23:43","modified_gmt":"2024-05-28T14:23:43","slug":"intolerancija-na-hranu","status":"publish","type":"page","link":"https:\/\/www.healthwellnesscroatia.com\/hr\/mulier-metoda\/intolerancija-na-hranu\/","title":{"rendered":"Intolerancija na hranu"},"content":{"rendered":"<p><strong>TEST INTOLERANCIJE NA HRANU<\/strong><\/p>\n<p>Test intolerancije na hranu <strong>obavezna<\/strong> je ZDRAVSTVENA USLUGA <strong>za sve klijente na bilo kojem programu<\/strong> po dolasku.<\/p>\n<p><strong>Test intolerancije na hranu (EAV test)<\/strong> provodi se po metodi dr. Volla i u skladu je sa suvremenim dijagnosti\u010dkim zahtjevima. Mjeri biolo\u0161ki aktivne to\u010dke koje neizravno odra\u017eavaju stanje organa ili tkiva koje se ispituje.<\/p>\n<p>To\u010dka predstavlja zdravstveno stanje organa ili tkiva (ili prisutnost bolesti) duboko u tijelu.<\/p>\n<p><strong>UPUTE za test intolerancije na hranu (EAV test):<\/strong><\/p>\n<ul>\n<li>Na dan pretrage osoba ne smije uzimati nikakve lijekove (osim onih koje treba redovito uzimati) niti \u010daj, kavu, alkohol ili cigarete.<\/li>\n<li>Tijekom EAV testa osoba mora ukloniti sve metalne predmete sa sebe (nakit, sat, nao\u010dale, ukosnice)<\/li>\n<li>EAV test zahtijeva da sudionik dr\u017ei pasivnu elektrodu u jednoj ruci, dok lije\u010dnik testira bioaktivne to\u010dke pomo\u0107u metalne elektrode s druge strane. Postupak je bezbolan.<\/li>\n<li>KONTRAINDIKACIJE: prisutnost ugra\u0111enog elektri\u010dnog kardiostimulatora i velikih metalnih implantata osjetljivi su na protok elektri\u010dne struje. Ovaj postupak se ne preporu\u010duje u trudno\u0107i u prvom tromjese\u010dju.<\/li>\n<\/ul>\n<p><a href=\"https:\/\/www.healthwellnesscroatia.com\/wp-content\/uploads\/2013\/09\/EAV-1.png\"><img loading=\"lazy\" decoding=\"async\" class=\"aligncenter size-medium wp-image-7252\" src=\"https:\/\/www.healthwellnesscroatia.com\/wp-content\/uploads\/2013\/09\/EAV-1-300x225.png\" alt=\"\" width=\"300\" height=\"225\" srcset=\"https:\/\/www.healthwellnesscroatia.com\/wp-content\/uploads\/2013\/09\/EAV-1-300x225.png 300w, https:\/\/www.healthwellnesscroatia.com\/wp-content\/uploads\/2013\/09\/EAV-1.png 1024w\" sizes=\"auto, (max-width: 300px) 100vw, 300px\" \/><\/a> <a href=\"https:\/\/www.healthwellnesscroatia.com\/wp-content\/uploads\/2013\/09\/EAV-2.png\"><img loading=\"lazy\" decoding=\"async\" class=\"aligncenter size-medium wp-image-7253\" src=\"https:\/\/www.healthwellnesscroatia.com\/wp-content\/uploads\/2013\/09\/EAV-2-300x225.png\" alt=\"\" width=\"300\" height=\"225\" srcset=\"https:\/\/www.healthwellnesscroatia.com\/wp-content\/uploads\/2013\/09\/EAV-2-300x225.png 300w, https:\/\/www.healthwellnesscroatia.com\/wp-content\/uploads\/2013\/09\/EAV-2.png 1024w\" sizes=\"auto, (max-width: 300px) 100vw, 300px\" \/><\/a><\/p>\n<p><strong>Test intolerancije na hranu (EAV test) daje:<\/strong><\/p>\n<ul>\n<li>Brzu procjena funkcionalne (ne)tolerancije na hranu<\/li>\n<li>Dijagnostiku latentnih (intolerancijskih) procesa<\/li>\n<li>Informacije za preporuku najadekvatnije prehrane<\/li>\n<li>Podatke za preporuku najadekvatnije terapije<\/li>\n<\/ul>\n<p>Uz anamnezu i fizikalni pregled, test intolerancije na hranu daje precizne podatke na temelju kojih se mogu dati preporuke za osobnu dijetu i daljnju terapiju, ako je potrebno.<\/p>\n","protected":false},"excerpt":{"rendered":"<p>TEST INTOLERANCIJE NA HRANU Test intolerancije na hranu obavezna je ZDRAVSTVENA USLUGA za sve klijente na bilo kojem programu po dolasku. Test intolerancije na hranu (EAV test) provodi se po &#8230;<\/p>\n","protected":false},"author":5,"featured_media":6989,"parent":7243,"menu_order":4,"comment_status":"closed","ping_status":"closed","template":"","meta":{"ngg_post_thumbnail":0,"footnotes":""},"class_list":["post-7251","page","type-page","status-publish","has-post-thumbnail","hentry"],"yoast_head":"<!-- This site is optimized with the Yoast SEO plugin v26.5 - https:\/\/yoast.com\/wordpress\/plugins\/seo\/ -->\n<title>Intolerancija na hranu - HealthWellnessCroatia<\/title>\n<meta name=\"robots\" content=\"index, follow, max-snippet:-1, max-image-preview:large, max-video-preview:-1\" \/>\n<link rel=\"canonical\" href=\"https:\/\/www.healthwellnesscroatia.com\/hr\/mulier-metoda\/intolerancija-na-hranu\/\" \/>\n<meta property=\"og:locale\" content=\"hr_HR\" \/>\n<meta property=\"og:type\" content=\"article\" \/>\n<meta property=\"og:title\" content=\"Intolerancija na hranu - HealthWellnessCroatia\" \/>\n<meta property=\"og:description\" content=\"TEST INTOLERANCIJE NA HRANU Test intolerancije na hranu obavezna je ZDRAVSTVENA USLUGA za sve klijente na bilo kojem programu po dolasku. Test intolerancije na hranu (EAV test) provodi se po ...\" \/>\n<meta property=\"og:url\" content=\"https:\/\/www.healthwellnesscroatia.com\/hr\/mulier-metoda\/intolerancija-na-hranu\/\" \/>\n<meta property=\"og:site_name\" content=\"HealthWellnessCroatia\" \/>\n<meta property=\"article:modified_time\" content=\"2024-05-28T14:23:43+00:00\" \/>\n<meta property=\"og:image\" content=\"https:\/\/www.healthwellnesscroatia.com\/wp-content\/uploads\/2020\/01\/IMG_6059-1.jpg\" \/>\n\t<meta property=\"og:image:width\" content=\"1633\" \/>\n\t<meta property=\"og:image:height\" content=\"1080\" \/>\n\t<meta property=\"og:image:type\" content=\"image\/jpeg\" \/>\n<meta name=\"twitter:card\" content=\"summary_large_image\" \/>\n<meta name=\"twitter:label1\" content=\"Procijenjeno vrijeme \u010ditanja\" \/>\n\t<meta name=\"twitter:data1\" content=\"2 minute\" \/>\n<script type=\"application\/ld+json\" class=\"yoast-schema-graph\">{\"@context\":\"https:\/\/schema.org\",\"@graph\":[{\"@type\":\"WebPage\",\"@id\":\"https:\/\/www.healthwellnesscroatia.com\/hr\/mulier-metoda\/intolerancija-na-hranu\/\",\"url\":\"https:\/\/www.healthwellnesscroatia.com\/hr\/mulier-metoda\/intolerancija-na-hranu\/\",\"name\":\"Intolerancija na hranu - HealthWellnessCroatia\",\"isPartOf\":{\"@id\":\"https:\/\/www.healthwellnesscroatia.com\/#website\"},\"primaryImageOfPage\":{\"@id\":\"https:\/\/www.healthwellnesscroatia.com\/hr\/mulier-metoda\/intolerancija-na-hranu\/#primaryimage\"},\"image\":{\"@id\":\"https:\/\/www.healthwellnesscroatia.com\/hr\/mulier-metoda\/intolerancija-na-hranu\/#primaryimage\"},\"thumbnailUrl\":\"https:\/\/www.healthwellnesscroatia.com\/wp-content\/uploads\/2020\/01\/IMG_6059-1.jpg\",\"datePublished\":\"2013-09-05T06:50:57+00:00\",\"dateModified\":\"2024-05-28T14:23:43+00:00\",\"breadcrumb\":{\"@id\":\"https:\/\/www.healthwellnesscroatia.com\/hr\/mulier-metoda\/intolerancija-na-hranu\/#breadcrumb\"},\"inLanguage\":\"hr\",\"potentialAction\":[{\"@type\":\"ReadAction\",\"target\":[\"https:\/\/www.healthwellnesscroatia.com\/hr\/mulier-metoda\/intolerancija-na-hranu\/\"]}]},{\"@type\":\"ImageObject\",\"inLanguage\":\"hr\",\"@id\":\"https:\/\/www.healthwellnesscroatia.com\/hr\/mulier-metoda\/intolerancija-na-hranu\/#primaryimage\",\"url\":\"https:\/\/www.healthwellnesscroatia.com\/wp-content\/uploads\/2020\/01\/IMG_6059-1.jpg\",\"contentUrl\":\"https:\/\/www.healthwellnesscroatia.com\/wp-content\/uploads\/2020\/01\/IMG_6059-1.jpg\",\"width\":1633,\"height\":1080},{\"@type\":\"BreadcrumbList\",\"@id\":\"https:\/\/www.healthwellnesscroatia.com\/hr\/mulier-metoda\/intolerancija-na-hranu\/#breadcrumb\",\"itemListElement\":[{\"@type\":\"ListItem\",\"position\":1,\"name\":\"Home\",\"item\":\"https:\/\/www.healthwellnesscroatia.com\/hr\/\"},{\"@type\":\"ListItem\",\"position\":2,\"name\":\"Mulier metoda\",\"item\":\"https:\/\/www.healthwellnesscroatia.com\/hr\/mulier-metoda\/\"},{\"@type\":\"ListItem\",\"position\":3,\"name\":\"Intolerancija na hranu\"}]},{\"@type\":\"WebSite\",\"@id\":\"https:\/\/www.healthwellnesscroatia.com\/#website\",\"url\":\"https:\/\/www.healthwellnesscroatia.com\/\",\"name\":\"HealthWellnessCroatia\",\"description\":\"Health and wellness in Croatia\",\"publisher\":{\"@id\":\"https:\/\/www.healthwellnesscroatia.com\/#organization\"},\"potentialAction\":[{\"@type\":\"SearchAction\",\"target\":{\"@type\":\"EntryPoint\",\"urlTemplate\":\"https:\/\/www.healthwellnesscroatia.com\/?s={search_term_string}\"},\"query-input\":{\"@type\":\"PropertyValueSpecification\",\"valueRequired\":true,\"valueName\":\"search_term_string\"}}],\"inLanguage\":\"hr\"},{\"@type\":\"Organization\",\"@id\":\"https:\/\/www.healthwellnesscroatia.com\/#organization\",\"name\":\"Holistic centre Mulier\",\"url\":\"https:\/\/www.healthwellnesscroatia.com\/\",\"logo\":{\"@type\":\"ImageObject\",\"inLanguage\":\"hr\",\"@id\":\"https:\/\/www.healthwellnesscroatia.com\/#\/schema\/logo\/image\/\",\"url\":\"https:\/\/www.healthwellnesscroatia.com\/wp-content\/uploads\/2018\/10\/logo4.png\",\"contentUrl\":\"https:\/\/www.healthwellnesscroatia.com\/wp-content\/uploads\/2018\/10\/logo4.png\",\"width\":230,\"height\":60,\"caption\":\"Holistic centre Mulier\"},\"image\":{\"@id\":\"https:\/\/www.healthwellnesscroatia.com\/#\/schema\/logo\/image\/\"}}]}<\/script>\n<!-- \/ Yoast SEO plugin. -->","yoast_head_json":{"title":"Intolerancija na hranu - HealthWellnessCroatia","robots":{"index":"index","follow":"follow","max-snippet":"max-snippet:-1","max-image-preview":"max-image-preview:large","max-video-preview":"max-video-preview:-1"},"canonical":"https:\/\/www.healthwellnesscroatia.com\/hr\/mulier-metoda\/intolerancija-na-hranu\/","og_locale":"hr_HR","og_type":"article","og_title":"Intolerancija na hranu - HealthWellnessCroatia","og_description":"TEST INTOLERANCIJE NA HRANU Test intolerancije na hranu obavezna je ZDRAVSTVENA USLUGA za sve klijente na bilo kojem programu po dolasku. Test intolerancije na hranu (EAV test) provodi se po ...","og_url":"https:\/\/www.healthwellnesscroatia.com\/hr\/mulier-metoda\/intolerancija-na-hranu\/","og_site_name":"HealthWellnessCroatia","article_modified_time":"2024-05-28T14:23:43+00:00","og_image":[{"width":1633,"height":1080,"url":"https:\/\/www.healthwellnesscroatia.com\/wp-content\/uploads\/2020\/01\/IMG_6059-1.jpg","type":"image\/jpeg"}],"twitter_card":"summary_large_image","twitter_misc":{"Procijenjeno vrijeme \u010ditanja":"2 minute"},"schema":{"@context":"https:\/\/schema.org","@graph":[{"@type":"WebPage","@id":"https:\/\/www.healthwellnesscroatia.com\/hr\/mulier-metoda\/intolerancija-na-hranu\/","url":"https:\/\/www.healthwellnesscroatia.com\/hr\/mulier-metoda\/intolerancija-na-hranu\/","name":"Intolerancija na hranu - HealthWellnessCroatia","isPartOf":{"@id":"https:\/\/www.healthwellnesscroatia.com\/#website"},"primaryImageOfPage":{"@id":"https:\/\/www.healthwellnesscroatia.com\/hr\/mulier-metoda\/intolerancija-na-hranu\/#primaryimage"},"image":{"@id":"https:\/\/www.healthwellnesscroatia.com\/hr\/mulier-metoda\/intolerancija-na-hranu\/#primaryimage"},"thumbnailUrl":"https:\/\/www.healthwellnesscroatia.com\/wp-content\/uploads\/2020\/01\/IMG_6059-1.jpg","datePublished":"2013-09-05T06:50:57+00:00","dateModified":"2024-05-28T14:23:43+00:00","breadcrumb":{"@id":"https:\/\/www.healthwellnesscroatia.com\/hr\/mulier-metoda\/intolerancija-na-hranu\/#breadcrumb"},"inLanguage":"hr","potentialAction":[{"@type":"ReadAction","target":["https:\/\/www.healthwellnesscroatia.com\/hr\/mulier-metoda\/intolerancija-na-hranu\/"]}]},{"@type":"ImageObject","inLanguage":"hr","@id":"https:\/\/www.healthwellnesscroatia.com\/hr\/mulier-metoda\/intolerancija-na-hranu\/#primaryimage","url":"https:\/\/www.healthwellnesscroatia.com\/wp-content\/uploads\/2020\/01\/IMG_6059-1.jpg","contentUrl":"https:\/\/www.healthwellnesscroatia.com\/wp-content\/uploads\/2020\/01\/IMG_6059-1.jpg","width":1633,"height":1080},{"@type":"BreadcrumbList","@id":"https:\/\/www.healthwellnesscroatia.com\/hr\/mulier-metoda\/intolerancija-na-hranu\/#breadcrumb","itemListElement":[{"@type":"ListItem","position":1,"name":"Home","item":"https:\/\/www.healthwellnesscroatia.com\/hr\/"},{"@type":"ListItem","position":2,"name":"Mulier metoda","item":"https:\/\/www.healthwellnesscroatia.com\/hr\/mulier-metoda\/"},{"@type":"ListItem","position":3,"name":"Intolerancija na hranu"}]},{"@type":"WebSite","@id":"https:\/\/www.healthwellnesscroatia.com\/#website","url":"https:\/\/www.healthwellnesscroatia.com\/","name":"HealthWellnessCroatia","description":"Health and wellness in Croatia","publisher":{"@id":"https:\/\/www.healthwellnesscroatia.com\/#organization"},"potentialAction":[{"@type":"SearchAction","target":{"@type":"EntryPoint","urlTemplate":"https:\/\/www.healthwellnesscroatia.com\/?s={search_term_string}"},"query-input":{"@type":"PropertyValueSpecification","valueRequired":true,"valueName":"search_term_string"}}],"inLanguage":"hr"},{"@type":"Organization","@id":"https:\/\/www.healthwellnesscroatia.com\/#organization","name":"Holistic centre Mulier","url":"https:\/\/www.healthwellnesscroatia.com\/","logo":{"@type":"ImageObject","inLanguage":"hr","@id":"https:\/\/www.healthwellnesscroatia.com\/#\/schema\/logo\/image\/","url":"https:\/\/www.healthwellnesscroatia.com\/wp-content\/uploads\/2018\/10\/logo4.png","contentUrl":"https:\/\/www.healthwellnesscroatia.com\/wp-content\/uploads\/2018\/10\/logo4.png","width":230,"height":60,"caption":"Holistic centre Mulier"},"image":{"@id":"https:\/\/www.healthwellnesscroatia.com\/#\/schema\/logo\/image\/"}}]}},"_links":{"self":[{"href":"https:\/\/www.healthwellnesscroatia.com\/hr\/wp-json\/wp\/v2\/pages\/7251","targetHints":{"allow":["GET"]}}],"collection":[{"href":"https:\/\/www.healthwellnesscroatia.com\/hr\/wp-json\/wp\/v2\/pages"}],"about":[{"href":"https:\/\/www.healthwellnesscroatia.com\/hr\/wp-json\/wp\/v2\/types\/page"}],"author":[{"embeddable":true,"href":"https:\/\/www.healthwellnesscroatia.com\/hr\/wp-json\/wp\/v2\/users\/5"}],"replies":[{"embeddable":true,"href":"https:\/\/www.healthwellnesscroatia.com\/hr\/wp-json\/wp\/v2\/comments?post=7251"}],"version-history":[{"count":5,"href":"https:\/\/www.healthwellnesscroatia.com\/hr\/wp-json\/wp\/v2\/pages\/7251\/revisions"}],"predecessor-version":[{"id":7369,"href":"https:\/\/www.healthwellnesscroatia.com\/hr\/wp-json\/wp\/v2\/pages\/7251\/revisions\/7369"}],"up":[{"embeddable":true,"href":"https:\/\/www.healthwellnesscroatia.com\/hr\/wp-json\/wp\/v2\/pages\/7243"}],"wp:featuredmedia":[{"embeddable":true,"href":"https:\/\/www.healthwellnesscroatia.com\/hr\/wp-json\/wp\/v2\/media\/6989"}],"wp:attachment":[{"href":"https:\/\/www.healthwellnesscroatia.com\/hr\/wp-json\/wp\/v2\/media?parent=7251"}],"curies":[{"name":"wp","href":"https:\/\/api.w.org\/{rel}","templated":true}]}}