{"id":7350,"date":"2013-09-15T23:08:13","date_gmt":"2013-09-15T21:08:13","guid":{"rendered":"https:\/\/www.healthwellnesscroatia.com\/?page_id=7350"},"modified":"2024-05-28T17:00:55","modified_gmt":"2024-05-28T15:00:55","slug":"kako-do-nas","status":"publish","type":"page","link":"https:\/\/www.healthwellnesscroatia.com\/hr\/kako-do-nas\/","title":{"rendered":"Kako do nas"},"content":{"rendered":"<p><iframe loading=\"lazy\" style=\"border: 0;\" src=\"https:\/\/www.google.com\/maps\/embed?pb=!1m18!1m12!1m3!1d2882.511856307816!2d15.888267276667014!3d43.74146654671688!2m3!1f0!2f0!3f0!3m2!1i1024!2i768!4f13.1!3m3!1m2!1s0x13352f5bab772343%3A0x909a0264fc7b2bdd!2sUl.%20Kralja%20Zvonimira%2071%2C%2022000%2C%20%C5%A0ibenik!5e0!3m2!1sen!2shr!4v1716196523227!5m2!1sen!2shr\" width=\"100%\" height=\"450\" allowfullscreen=\"allowfullscreen\"><\/iframe><\/p>\n<div class=\"clear\">&nbsp;<\/div>\n<p>Zdravstveni i wellness programi Mulier provode se u Holisti\u010dkom centru Mulier, u prekrasnom srednjovjekovnom mediteranskom <a href=\"https:\/\/likesibenik.com\/world-leading-travel-magazine-listed-sibenik-as-number-one-place-to-visit-in-the-world\/\">Gradu&nbsp;\u0160ibeniku<\/a>, koji se mo\u017ee pohvaliti <strong>s dva spomenika pod za\u0161titom UNESCO-a<\/strong> (Katedrala Sv. Jakova i Tvr\u0111ava Sv. Nikole).<\/p>\n<p>\u0160ibenik le\u017ei u srcu mediteranske Hrvatske, 80 km od Splita i 80 km od Zadra.<\/p>\n<p>Sva tri grada poznata su kao sredi\u0161ta bogate kulture i povijesti.<\/p>\n<p>Stolje\u0107ima su razli\u010dite kulture ovdje ostavljale traga, poput Rimljana, Mle\u010dana, Austro-Ugarske, Talijana, Osmanlija i Francuskog Carstva.<\/p>\n<p>Po\u017eelite li izlete nakon zavr\u0161etka Mulier zdravstvenog programa, \u0160ibenik je idealno polazi\u0161te za bilo koje odredi\u0161te jer se nalazi na sredini Jadrana \u0161to jam\u010di brz pristup jednom od 1000 hrvatskih otoka. Ako ste ljubitelj prirode, trebali biste posjetiti neki od 2 nacionalna parka i 3 parka prirode koji se nalaze u neposrednoj blizini.&nbsp;<\/p>\n<p>AKO PUTujete AUTOMOBILOM<\/p>\n<p>GPS koordinate Mulier Holisti\u010dkog centra, <a href=\"https:\/\/www.total-croatia-news.com\/travel\/39787-sibenik\">\u0160ibenik, Croatia<\/a>:<\/p>\n<p>N 43\u00b043\u02bc38\u201c \u2013 E 15\u00b054\u02bc21\u201c<\/p>\n<p>Udaljenosti automobilom izme\u0111u nekih europskih gradova i grada \u0160ibenika:<br \/>\n&nbsp; &nbsp; &nbsp;&nbsp;<br \/>\nLondon \u2013 \u0160ibenik &nbsp; &nbsp; &nbsp; &nbsp; &nbsp; &nbsp; &nbsp; &nbsp;1932 km<br \/>\nRim \u2013 \u0160ibenik &nbsp; &nbsp; &nbsp; &nbsp; &nbsp; &nbsp; &nbsp; &nbsp; &nbsp; &nbsp; &nbsp; 571 km<br \/>\nVenecija \u2013 \u0160ibenik &nbsp; &nbsp; &nbsp; &nbsp; &nbsp; &nbsp; &nbsp; 583 km<br \/>\nBe\u010d-\u0160ibenik &nbsp; &nbsp; &nbsp; &nbsp; &nbsp; &nbsp; &nbsp; &nbsp; &nbsp; &nbsp; &nbsp; &nbsp; &nbsp;694 km<br \/>\nM\u00fcnchen&nbsp;<strong>\u2013&nbsp;<\/strong>\u0160ibenik &nbsp; &nbsp; &nbsp; &nbsp; &nbsp; &nbsp; 789 km<br \/>\nMilano \u2013 \u0160ibenik &nbsp; &nbsp; &nbsp; &nbsp; &nbsp; &nbsp; &nbsp; &nbsp; &nbsp;827 km<br \/>\nZ\u00fcrich-\u0160ibenik &nbsp; &nbsp; &nbsp; &nbsp; &nbsp; &nbsp; &nbsp; &nbsp; &nbsp; &nbsp; &nbsp;1098 km&nbsp;<br \/>\nPariz \u2013 \u0160ibenik &nbsp; &nbsp; &nbsp; &nbsp; &nbsp; &nbsp; &nbsp; &nbsp; &nbsp; &nbsp; &nbsp;1628 km<\/p>\n<p>&nbsp;<\/p>\n<h3>&nbsp;<\/h3>\n<h5><strong>AKO PUTujete AVIONOM<\/strong><\/p>\n<p>NAJBLI\u017dE ZRA\u010cNE LUKE HOLISTI\u010cKOM CENTRU MULIER, \u0160IBENIK, HRVATSKA<\/h5>\n<p>ZRA\u010cNA LUKA SPLIT <a href=\"http:\/\/www.split-airport.hr\/\">www.split-airport.hr<\/a>&nbsp;(oko 47 km do holisti\u010dkog centra Mulier)<\/p>\n<p>ZRA\u010cNA LUKA ZAGREB <a href=\"http:\/\/www.zagreb-airport.hr\/\">www.zagreb-airport.hr<\/a>&nbsp;(oko 340 km do holisti\u010dkog centra Mulier)<\/p>\n<p>ZRA\u010cNA LUKA ZADAR <a href=\"http:\/\/www.zadar-airport.hr\/\">www.zadar-airport.hr<\/a>&nbsp;(oko 73 km do holisti\u010dkog centra Mulier)<\/p>\n<h6>&nbsp;Mo\u017eemo organizirati prijevoz do\/od \u017eeljezni\u010dkog kolodvora\/zra\u010dne luke.<\/h6>\n<h6>Tro\u0161kovi prijevoza posebno se fakturiraju.&nbsp;<\/h6>\n<p><strong>&nbsp;<\/strong><\/p>\n<p>AKO VAM JE POTREBNA TURISTI\u010cKA AGENCIJA ZA ORGANIZIRANJE VA\u0160EG PUTOVANJA OVDJE I POMO\u0106 VAM S IZLETIMA:<\/p>\n<p>Turisti\u010dka agencija u gradu \u0160ibeniku:&nbsp;<a href=\"https:\/\/www.sibenik-tourism.hr\/en\/\">sibenik-tourism.hr&nbsp;<\/a><br \/>\n25 stvari koje treba znati o hrvatskoj UNESCO-voj tvr\u0111avi \u0160ibenik pogledajte <a href=\"https:\/\/www.total-croatia-news.com\/25-things-to-know-about-croatia\/24345-sibenik-25-things-to-know-about-croatia-s-unesco-fortress-city\">ovdje.<\/a><\/p>\n<p>&nbsp;<\/p>\n<p>KONTAKTIRAJTE NAS ZA DETALJE:<\/p>\n<p>+385 99 21 54 170<br \/>\nmulier@mulier.hr<\/p>\n","protected":false},"excerpt":{"rendered":"<p>&nbsp; Zdravstveni i wellness programi Mulier provode se u Holisti\u010dkom centru Mulier, u prekrasnom srednjovjekovnom mediteranskom Gradu&nbsp;\u0160ibeniku, koji se mo\u017ee pohvaliti s dva spomenika pod za\u0161titom UNESCO-a (Katedrala Sv. Jakova &#8230;<\/p>\n","protected":false},"author":5,"featured_media":6987,"parent":0,"menu_order":9,"comment_status":"closed","ping_status":"closed","template":"","meta":{"ngg_post_thumbnail":0,"footnotes":""},"class_list":["post-7350","page","type-page","status-publish","has-post-thumbnail","hentry"],"yoast_head":"<!-- This site is optimized with the Yoast SEO plugin v26.5 - https:\/\/yoast.com\/wordpress\/plugins\/seo\/ -->\n<title>Kako do nas - HealthWellnessCroatia<\/title>\n<meta name=\"robots\" content=\"index, follow, max-snippet:-1, max-image-preview:large, max-video-preview:-1\" \/>\n<link rel=\"canonical\" href=\"https:\/\/www.healthwellnesscroatia.com\/hr\/kako-do-nas\/\" \/>\n<meta property=\"og:locale\" content=\"hr_HR\" \/>\n<meta property=\"og:type\" content=\"article\" \/>\n<meta property=\"og:title\" content=\"Kako do nas - HealthWellnessCroatia\" \/>\n<meta property=\"og:description\" content=\"&nbsp; Zdravstveni i wellness programi Mulier provode se u Holisti\u010dkom centru Mulier, u prekrasnom srednjovjekovnom mediteranskom Gradu&nbsp;\u0160ibeniku, koji se mo\u017ee pohvaliti s dva spomenika pod za\u0161titom UNESCO-a (Katedrala Sv. Jakova ...\" \/>\n<meta property=\"og:url\" content=\"https:\/\/www.healthwellnesscroatia.com\/hr\/kako-do-nas\/\" \/>\n<meta property=\"og:site_name\" content=\"HealthWellnessCroatia\" \/>\n<meta property=\"article:modified_time\" content=\"2024-05-28T15:00:55+00:00\" \/>\n<meta property=\"og:image\" content=\"https:\/\/www.healthwellnesscroatia.com\/wp-content\/uploads\/2020\/01\/IMG_6049.jpg\" \/>\n\t<meta property=\"og:image:width\" content=\"1620\" \/>\n\t<meta property=\"og:image:height\" content=\"1080\" \/>\n\t<meta property=\"og:image:type\" content=\"image\/jpeg\" \/>\n<meta name=\"twitter:card\" content=\"summary_large_image\" \/>\n<meta name=\"twitter:label1\" content=\"Procijenjeno vrijeme \u010ditanja\" \/>\n\t<meta name=\"twitter:data1\" content=\"2 minute\" \/>\n<script type=\"application\/ld+json\" class=\"yoast-schema-graph\">{\"@context\":\"https:\/\/schema.org\",\"@graph\":[{\"@type\":\"WebPage\",\"@id\":\"https:\/\/www.healthwellnesscroatia.com\/hr\/kako-do-nas\/\",\"url\":\"https:\/\/www.healthwellnesscroatia.com\/hr\/kako-do-nas\/\",\"name\":\"Kako do nas - HealthWellnessCroatia\",\"isPartOf\":{\"@id\":\"https:\/\/www.healthwellnesscroatia.com\/#website\"},\"primaryImageOfPage\":{\"@id\":\"https:\/\/www.healthwellnesscroatia.com\/hr\/kako-do-nas\/#primaryimage\"},\"image\":{\"@id\":\"https:\/\/www.healthwellnesscroatia.com\/hr\/kako-do-nas\/#primaryimage\"},\"thumbnailUrl\":\"https:\/\/www.healthwellnesscroatia.com\/wp-content\/uploads\/2020\/01\/IMG_6049.jpg\",\"datePublished\":\"2013-09-15T21:08:13+00:00\",\"dateModified\":\"2024-05-28T15:00:55+00:00\",\"breadcrumb\":{\"@id\":\"https:\/\/www.healthwellnesscroatia.com\/hr\/kako-do-nas\/#breadcrumb\"},\"inLanguage\":\"hr\",\"potentialAction\":[{\"@type\":\"ReadAction\",\"target\":[\"https:\/\/www.healthwellnesscroatia.com\/hr\/kako-do-nas\/\"]}]},{\"@type\":\"ImageObject\",\"inLanguage\":\"hr\",\"@id\":\"https:\/\/www.healthwellnesscroatia.com\/hr\/kako-do-nas\/#primaryimage\",\"url\":\"https:\/\/www.healthwellnesscroatia.com\/wp-content\/uploads\/2020\/01\/IMG_6049.jpg\",\"contentUrl\":\"https:\/\/www.healthwellnesscroatia.com\/wp-content\/uploads\/2020\/01\/IMG_6049.jpg\",\"width\":1620,\"height\":1080},{\"@type\":\"BreadcrumbList\",\"@id\":\"https:\/\/www.healthwellnesscroatia.com\/hr\/kako-do-nas\/#breadcrumb\",\"itemListElement\":[{\"@type\":\"ListItem\",\"position\":1,\"name\":\"Home\",\"item\":\"https:\/\/www.healthwellnesscroatia.com\/hr\/\"},{\"@type\":\"ListItem\",\"position\":2,\"name\":\"Kako do nas\"}]},{\"@type\":\"WebSite\",\"@id\":\"https:\/\/www.healthwellnesscroatia.com\/#website\",\"url\":\"https:\/\/www.healthwellnesscroatia.com\/\",\"name\":\"HealthWellnessCroatia\",\"description\":\"Health and wellness in Croatia\",\"publisher\":{\"@id\":\"https:\/\/www.healthwellnesscroatia.com\/#organization\"},\"potentialAction\":[{\"@type\":\"SearchAction\",\"target\":{\"@type\":\"EntryPoint\",\"urlTemplate\":\"https:\/\/www.healthwellnesscroatia.com\/?s={search_term_string}\"},\"query-input\":{\"@type\":\"PropertyValueSpecification\",\"valueRequired\":true,\"valueName\":\"search_term_string\"}}],\"inLanguage\":\"hr\"},{\"@type\":\"Organization\",\"@id\":\"https:\/\/www.healthwellnesscroatia.com\/#organization\",\"name\":\"Holistic centre Mulier\",\"url\":\"https:\/\/www.healthwellnesscroatia.com\/\",\"logo\":{\"@type\":\"ImageObject\",\"inLanguage\":\"hr\",\"@id\":\"https:\/\/www.healthwellnesscroatia.com\/#\/schema\/logo\/image\/\",\"url\":\"https:\/\/www.healthwellnesscroatia.com\/wp-content\/uploads\/2018\/10\/logo4.png\",\"contentUrl\":\"https:\/\/www.healthwellnesscroatia.com\/wp-content\/uploads\/2018\/10\/logo4.png\",\"width\":230,\"height\":60,\"caption\":\"Holistic centre Mulier\"},\"image\":{\"@id\":\"https:\/\/www.healthwellnesscroatia.com\/#\/schema\/logo\/image\/\"}}]}<\/script>\n<!-- \/ Yoast SEO plugin. -->","yoast_head_json":{"title":"Kako do nas - HealthWellnessCroatia","robots":{"index":"index","follow":"follow","max-snippet":"max-snippet:-1","max-image-preview":"max-image-preview:large","max-video-preview":"max-video-preview:-1"},"canonical":"https:\/\/www.healthwellnesscroatia.com\/hr\/kako-do-nas\/","og_locale":"hr_HR","og_type":"article","og_title":"Kako do nas - HealthWellnessCroatia","og_description":"&nbsp; Zdravstveni i wellness programi Mulier provode se u Holisti\u010dkom centru Mulier, u prekrasnom srednjovjekovnom mediteranskom Gradu&nbsp;\u0160ibeniku, koji se mo\u017ee pohvaliti s dva spomenika pod za\u0161titom UNESCO-a (Katedrala Sv. Jakova ...","og_url":"https:\/\/www.healthwellnesscroatia.com\/hr\/kako-do-nas\/","og_site_name":"HealthWellnessCroatia","article_modified_time":"2024-05-28T15:00:55+00:00","og_image":[{"width":1620,"height":1080,"url":"https:\/\/www.healthwellnesscroatia.com\/wp-content\/uploads\/2020\/01\/IMG_6049.jpg","type":"image\/jpeg"}],"twitter_card":"summary_large_image","twitter_misc":{"Procijenjeno vrijeme \u010ditanja":"2 minute"},"schema":{"@context":"https:\/\/schema.org","@graph":[{"@type":"WebPage","@id":"https:\/\/www.healthwellnesscroatia.com\/hr\/kako-do-nas\/","url":"https:\/\/www.healthwellnesscroatia.com\/hr\/kako-do-nas\/","name":"Kako do nas - HealthWellnessCroatia","isPartOf":{"@id":"https:\/\/www.healthwellnesscroatia.com\/#website"},"primaryImageOfPage":{"@id":"https:\/\/www.healthwellnesscroatia.com\/hr\/kako-do-nas\/#primaryimage"},"image":{"@id":"https:\/\/www.healthwellnesscroatia.com\/hr\/kako-do-nas\/#primaryimage"},"thumbnailUrl":"https:\/\/www.healthwellnesscroatia.com\/wp-content\/uploads\/2020\/01\/IMG_6049.jpg","datePublished":"2013-09-15T21:08:13+00:00","dateModified":"2024-05-28T15:00:55+00:00","breadcrumb":{"@id":"https:\/\/www.healthwellnesscroatia.com\/hr\/kako-do-nas\/#breadcrumb"},"inLanguage":"hr","potentialAction":[{"@type":"ReadAction","target":["https:\/\/www.healthwellnesscroatia.com\/hr\/kako-do-nas\/"]}]},{"@type":"ImageObject","inLanguage":"hr","@id":"https:\/\/www.healthwellnesscroatia.com\/hr\/kako-do-nas\/#primaryimage","url":"https:\/\/www.healthwellnesscroatia.com\/wp-content\/uploads\/2020\/01\/IMG_6049.jpg","contentUrl":"https:\/\/www.healthwellnesscroatia.com\/wp-content\/uploads\/2020\/01\/IMG_6049.jpg","width":1620,"height":1080},{"@type":"BreadcrumbList","@id":"https:\/\/www.healthwellnesscroatia.com\/hr\/kako-do-nas\/#breadcrumb","itemListElement":[{"@type":"ListItem","position":1,"name":"Home","item":"https:\/\/www.healthwellnesscroatia.com\/hr\/"},{"@type":"ListItem","position":2,"name":"Kako do nas"}]},{"@type":"WebSite","@id":"https:\/\/www.healthwellnesscroatia.com\/#website","url":"https:\/\/www.healthwellnesscroatia.com\/","name":"HealthWellnessCroatia","description":"Health and wellness in Croatia","publisher":{"@id":"https:\/\/www.healthwellnesscroatia.com\/#organization"},"potentialAction":[{"@type":"SearchAction","target":{"@type":"EntryPoint","urlTemplate":"https:\/\/www.healthwellnesscroatia.com\/?s={search_term_string}"},"query-input":{"@type":"PropertyValueSpecification","valueRequired":true,"valueName":"search_term_string"}}],"inLanguage":"hr"},{"@type":"Organization","@id":"https:\/\/www.healthwellnesscroatia.com\/#organization","name":"Holistic centre Mulier","url":"https:\/\/www.healthwellnesscroatia.com\/","logo":{"@type":"ImageObject","inLanguage":"hr","@id":"https:\/\/www.healthwellnesscroatia.com\/#\/schema\/logo\/image\/","url":"https:\/\/www.healthwellnesscroatia.com\/wp-content\/uploads\/2018\/10\/logo4.png","contentUrl":"https:\/\/www.healthwellnesscroatia.com\/wp-content\/uploads\/2018\/10\/logo4.png","width":230,"height":60,"caption":"Holistic centre Mulier"},"image":{"@id":"https:\/\/www.healthwellnesscroatia.com\/#\/schema\/logo\/image\/"}}]}},"_links":{"self":[{"href":"https:\/\/www.healthwellnesscroatia.com\/hr\/wp-json\/wp\/v2\/pages\/7350","targetHints":{"allow":["GET"]}}],"collection":[{"href":"https:\/\/www.healthwellnesscroatia.com\/hr\/wp-json\/wp\/v2\/pages"}],"about":[{"href":"https:\/\/www.healthwellnesscroatia.com\/hr\/wp-json\/wp\/v2\/types\/page"}],"author":[{"embeddable":true,"href":"https:\/\/www.healthwellnesscroatia.com\/hr\/wp-json\/wp\/v2\/users\/5"}],"replies":[{"embeddable":true,"href":"https:\/\/www.healthwellnesscroatia.com\/hr\/wp-json\/wp\/v2\/comments?post=7350"}],"version-history":[{"count":2,"href":"https:\/\/www.healthwellnesscroatia.com\/hr\/wp-json\/wp\/v2\/pages\/7350\/revisions"}],"predecessor-version":[{"id":7386,"href":"https:\/\/www.healthwellnesscroatia.com\/hr\/wp-json\/wp\/v2\/pages\/7350\/revisions\/7386"}],"wp:featuredmedia":[{"embeddable":true,"href":"https:\/\/www.healthwellnesscroatia.com\/hr\/wp-json\/wp\/v2\/media\/6987"}],"wp:attachment":[{"href":"https:\/\/www.healthwellnesscroatia.com\/hr\/wp-json\/wp\/v2\/media?parent=7350"}],"curies":[{"name":"wp","href":"https:\/\/api.w.org\/{rel}","templated":true}]}}